{"id":2520,"date":"2025-12-29T11:39:46","date_gmt":"2025-12-29T11:39:46","guid":{"rendered":"https:\/\/noscasamoscontigo.com\/es\/?page_id=2520"},"modified":"2025-12-29T11:52:03","modified_gmt":"2025-12-29T11:52:03","slug":"gracias","status":"publish","type":"page","link":"https:\/\/noscasamoscontigo.com\/es\/gracias\/","title":{"rendered":"Gracias"},"content":{"rendered":"\t\t<div data-elementor-type=\"wp-page\" data-elementor-id=\"2520\" class=\"elementor elementor-2520\" data-elementor-post-type=\"page\">\n\t\t\t\t<div class=\"elementor-element elementor-element-7270f2a5 animated-slow e-flex e-con-boxed e-con e-parent\" data-id=\"7270f2a5\" data-element_type=\"container\" data-e-type=\"container\" data-settings=\"{&quot;background_background&quot;:&quot;classic&quot;,&quot;animation&quot;:&quot;none&quot;}\">\n\t\t\t\t\t<div class=\"e-con-inner\">\n\t\t<div class=\"elementor-element elementor-element-5a948439 e-con-full e-flex e-con e-child\" data-id=\"5a948439\" data-element_type=\"container\" data-e-type=\"container\">\n\t\t\t\t<div class=\"elementor-element elementor-element-405a19d6 elementor-widget elementor-widget-text-editor\" data-id=\"405a19d6\" data-element_type=\"widget\" data-e-type=\"widget\" data-widget_type=\"text-editor.default\">\n\t\t\t\t\t\t\t\t\t<p>NOS CASAMOS CONTIGO<\/p>\t\t\t\t\t\t\t\t<\/div>\n\t\t\t\t<div class=\"elementor-element elementor-element-763cd6ab elementor-widget elementor-widget-heading\" data-id=\"763cd6ab\" data-element_type=\"widget\" data-e-type=\"widget\" data-widget_type=\"heading.default\">\n\t\t\t\t\t<h1 class=\"elementor-heading-title elementor-size-default\">Gu\u00eda para Organizar tu Boda<\/h1>\t\t\t\t<\/div>\n\t\t\t\t<div class=\"elementor-element elementor-element-6ad9913e elementor-widget elementor-widget-text-editor\" data-id=\"6ad9913e\" data-element_type=\"widget\" data-e-type=\"widget\" data-widget_type=\"text-editor.default\">\n\t\t\t\t\t\t\t\t\t<p style=\"text-align: center;\">GRACIAS POR LA CONFIANZA<\/p>\t\t\t\t\t\t\t\t<\/div>\n\t\t\t\t<\/div>\n\t\t\t\t\t<\/div>\n\t\t\t\t<\/div>\n\t\t<div class=\"elementor-element elementor-element-7f6d4719 e-flex e-con-boxed e-con e-parent\" data-id=\"7f6d4719\" data-element_type=\"container\" data-e-type=\"container\">\n\t\t\t\t\t<div class=\"e-con-inner\">\n\t\t<div class=\"elementor-element elementor-element-77c9cb6c e-con-full e-flex e-con e-child\" data-id=\"77c9cb6c\" data-element_type=\"container\" data-e-type=\"container\" data-settings=\"{&quot;background_background&quot;:&quot;classic&quot;}\">\n\t\t\t\t<div class=\"elementor-element elementor-element-5790ecb elementor-widget elementor-widget-image\" data-id=\"5790ecb\" data-element_type=\"widget\" data-e-type=\"widget\" data-widget_type=\"image.default\">\n\t\t\t\t\t\t\t\t\t\t\t\t\t\t\t<img fetchpriority=\"high\" decoding=\"async\" width=\"807\" height=\"610\" src=\"https:\/\/noscasamoscontigo.com\/es\/wp-content\/uploads\/2025\/11\/Logo-NCC-blanco.png\" class=\"attachment-full size-full wp-image-95\" alt=\"\" srcset=\"https:\/\/noscasamoscontigo.com\/es\/wp-content\/uploads\/2025\/11\/Logo-NCC-blanco.png 807w, https:\/\/noscasamoscontigo.com\/es\/wp-content\/uploads\/2025\/11\/Logo-NCC-blanco-300x227.png 300w, https:\/\/noscasamoscontigo.com\/es\/wp-content\/uploads\/2025\/11\/Logo-NCC-blanco-768x581.png 768w\" sizes=\"(max-width: 807px) 100vw, 807px\" \/>\t\t\t\t\t\t\t\t\t\t\t\t\t\t\t<\/div>\n\t\t\t\t<div class=\"elementor-element elementor-element-62710eb elementor-widget elementor-widget-icon-box\" data-id=\"62710eb\" data-element_type=\"widget\" data-e-type=\"widget\" data-widget_type=\"icon-box.default\">\n\t\t\t\t\t\t\t<div class=\"elementor-icon-box-wrapper\">\n\n\t\t\t\n\t\t\t\t\t\t<div class=\"elementor-icon-box-content\">\n\n\t\t\t\t\n\t\t\t\t\t\t\t\t\t<p class=\"elementor-icon-box-description\">\n\t\t\t\t\t\tHEMOS ENVIADO LA GU\u00cdA A TU EMAIL. POR FAVOR, REVISA QUE LA HAS RECIBIDO CORRECTAMENTE. <BR>\n<BR>\nEN CASO DE NO HABER RECIBIDO EL EMAIL, POR FAVOR REVISA LA BANDEJA DE SPAM O CORREO NO DESEADO.\t\t\t\t\t<\/p>\n\t\t\t\t\n\t\t\t<\/div>\n\t\t\t\n\t\t<\/div>\n\t\t\t\t\t\t<\/div>\n\t\t\t\t<\/div>\n\t\t<div class=\"elementor-element elementor-element-564bb7a7 e-con-full e-flex e-con e-child\" data-id=\"564bb7a7\" data-element_type=\"container\" data-e-type=\"container\" data-settings=\"{&quot;background_background&quot;:&quot;classic&quot;}\">\n\t\t\t\t<div class=\"elementor-element elementor-element-4c2867c elementor-widget elementor-widget-image\" data-id=\"4c2867c\" data-element_type=\"widget\" data-e-type=\"widget\" data-widget_type=\"image.default\">\n\t\t\t\t\t\t\t\t\t\t\t\t\t\t\t<img fetchpriority=\"high\" decoding=\"async\" width=\"807\" height=\"610\" src=\"https:\/\/noscasamoscontigo.com\/es\/wp-content\/uploads\/2025\/11\/Logo-NCC-blanco.png\" class=\"attachment-full size-full wp-image-95\" alt=\"\" srcset=\"https:\/\/noscasamoscontigo.com\/es\/wp-content\/uploads\/2025\/11\/Logo-NCC-blanco.png 807w, https:\/\/noscasamoscontigo.com\/es\/wp-content\/uploads\/2025\/11\/Logo-NCC-blanco-300x227.png 300w, https:\/\/noscasamoscontigo.com\/es\/wp-content\/uploads\/2025\/11\/Logo-NCC-blanco-768x581.png 768w\" sizes=\"(max-width: 807px) 100vw, 807px\" \/>\t\t\t\t\t\t\t\t\t\t\t\t\t\t\t<\/div>\n\t\t\t\t<div class=\"elementor-element elementor-element-2d718ac elementor-widget elementor-widget-icon-box\" data-id=\"2d718ac\" data-element_type=\"widget\" data-e-type=\"widget\" data-widget_type=\"icon-box.default\">\n\t\t\t\t\t\t\t<div class=\"elementor-icon-box-wrapper\">\n\n\t\t\t\n\t\t\t\t\t\t<div class=\"elementor-icon-box-content\">\n\n\t\t\t\t\n\t\t\t\t\t\t\t\t\t<p class=\"elementor-icon-box-description\">\n\t\t\t\t\t\tMARCA NUESTRO EMAIL COMO UN CORREO DE TUS CONTACTOS, PARA QUE PUEDAS RECIBIR NUESTRAS NOTIFICACIONES EN TU BANDEJA DE ENTRADA SIN NING\u00daN PROBLEMA.\t\t\t\t\t<\/p>\n\t\t\t\t\n\t\t\t<\/div>\n\t\t\t\n\t\t<\/div>\n\t\t\t\t\t\t<\/div>\n\t\t\t\t<\/div>\n\t\t<div class=\"elementor-element elementor-element-2f0bdb08 e-con-full e-flex e-con e-child\" data-id=\"2f0bdb08\" data-element_type=\"container\" data-e-type=\"container\" data-settings=\"{&quot;background_background&quot;:&quot;classic&quot;}\">\n\t\t\t\t<div class=\"elementor-element elementor-element-4b6b765 elementor-widget elementor-widget-image\" data-id=\"4b6b765\" data-element_type=\"widget\" data-e-type=\"widget\" data-widget_type=\"image.default\">\n\t\t\t\t\t\t\t\t\t\t\t\t\t\t\t<img fetchpriority=\"high\" decoding=\"async\" width=\"807\" height=\"610\" src=\"https:\/\/noscasamoscontigo.com\/es\/wp-content\/uploads\/2025\/11\/Logo-NCC-blanco.png\" class=\"attachment-full size-full wp-image-95\" alt=\"\" srcset=\"https:\/\/noscasamoscontigo.com\/es\/wp-content\/uploads\/2025\/11\/Logo-NCC-blanco.png 807w, https:\/\/noscasamoscontigo.com\/es\/wp-content\/uploads\/2025\/11\/Logo-NCC-blanco-300x227.png 300w, https:\/\/noscasamoscontigo.com\/es\/wp-content\/uploads\/2025\/11\/Logo-NCC-blanco-768x581.png 768w\" sizes=\"(max-width: 807px) 100vw, 807px\" \/>\t\t\t\t\t\t\t\t\t\t\t\t\t\t\t<\/div>\n\t\t\t\t<div class=\"elementor-element elementor-element-5cef1882 elementor-widget elementor-widget-icon-box\" data-id=\"5cef1882\" data-element_type=\"widget\" data-e-type=\"widget\" data-widget_type=\"icon-box.default\">\n\t\t\t\t\t\t\t<div class=\"elementor-icon-box-wrapper\">\n\n\t\t\t\n\t\t\t\t\t\t<div class=\"elementor-icon-box-content\">\n\n\t\t\t\t\n\t\t\t\t\t\t\t\t\t<p class=\"elementor-icon-box-description\">\n\t\t\t\t\t\tUNA VEZ REALIZADO LOS DOS PASOS ANTERIORES, DIR\u00cdGETE AL EMAIL QUE TE HEMOS ENVIADO CON TU GU\u00cdA PARA QUE PUEDAS ORGANIZAR TU BODA Y DESC\u00c1RGATELA PARA COMENZAR A DISFRUTARLA.\t\t\t\t\t<\/p>\n\t\t\t\t\n\t\t\t<\/div>\n\t\t\t\n\t\t<\/div>\n\t\t\t\t\t\t<\/div>\n\t\t\t\t<\/div>\n\t\t\t\t\t<\/div>\n\t\t\t\t<\/div>\n\t\t<div class=\"elementor-element elementor-element-24badb3a e-flex e-con-boxed e-con e-parent\" data-id=\"24badb3a\" data-element_type=\"container\" data-e-type=\"container\">\n\t\t\t\t\t<div class=\"e-con-inner\">\n\t\t<div class=\"elementor-element elementor-element-4802c7 e-flex e-con-boxed e-con e-child\" data-id=\"4802c7\" data-element_type=\"container\" data-e-type=\"container\" data-settings=\"{&quot;background_background&quot;:&quot;classic&quot;}\">\n\t\t\t\t\t<div class=\"e-con-inner\">\n\t\t<div class=\"elementor-element elementor-element-b300af4 e-con-full e-flex e-con e-child\" data-id=\"b300af4\" data-element_type=\"container\" data-e-type=\"container\">\n\t\t\t\t<div class=\"elementor-element elementor-element-1cad95f elementor-widget elementor-widget-heading\" data-id=\"1cad95f\" data-element_type=\"widget\" data-e-type=\"widget\" data-widget_type=\"heading.default\">\n\t\t\t\t\t<h2 class=\"elementor-heading-title elementor-size-default\">Tu Boda Perfecta empieza Aqu\u00ed<\/h2>\t\t\t\t<\/div>\n\t\t\t\t<div class=\"elementor-element elementor-element-325bcc42 elementor-widget elementor-widget-text-editor\" data-id=\"325bcc42\" data-element_type=\"widget\" data-e-type=\"widget\" data-widget_type=\"text-editor.default\">\n\t\t\t\t\t\t\t\t\t<p>Cada proyecto recibe atenci\u00f3n exclusiva y personalizada. Debido a nuestra disponibilidad limitada, agenda tu cita para comenzar a dise\u00f1ar juntos una experiencia inolvidable.<\/p>\t\t\t\t\t\t\t\t<\/div>\n\t\t\t\t<div class=\"elementor-element elementor-element-126c447 elementor-widget elementor-widget-button\" data-id=\"126c447\" data-element_type=\"widget\" data-e-type=\"widget\" data-widget_type=\"button.default\">\n\t\t\t\t\t\t\t\t\t\t<a class=\"elementor-button elementor-button-link elementor-size-md\" href=\"https:\/\/noscasamoscontigo.com\/es\/?fluent-form=6\" target=\"_blank\">\n\t\t\t\t\t\t<span class=\"elementor-button-content-wrapper\">\n\t\t\t\t\t\t\t\t\t<span class=\"elementor-button-text\">Agendar Cita<\/span>\n\t\t\t\t\t<\/span>\n\t\t\t\t\t<\/a>\n\t\t\t\t\t\t\t\t<\/div>\n\t\t\t\t<\/div>\n\t\t\t\t<div class=\"elementor-element elementor-element-fe4c043 elementor-widget__width-initial elementor-widget elementor-widget-image\" data-id=\"fe4c043\" data-element_type=\"widget\" data-e-type=\"widget\" data-widget_type=\"image.default\">\n\t\t\t\t\t\t\t\t\t\t\t\t\t\t\t<img decoding=\"async\" width=\"1512\" height=\"1086\" src=\"https:\/\/noscasamoscontigo.com\/es\/wp-content\/uploads\/2025\/12\/equipo-NCC1.png\" class=\"attachment-full size-full wp-image-1729\" alt=\"\" srcset=\"https:\/\/noscasamoscontigo.com\/es\/wp-content\/uploads\/2025\/12\/equipo-NCC1.png 1512w, https:\/\/noscasamoscontigo.com\/es\/wp-content\/uploads\/2025\/12\/equipo-NCC1-300x215.png 300w, https:\/\/noscasamoscontigo.com\/es\/wp-content\/uploads\/2025\/12\/equipo-NCC1-1024x735.png 1024w, https:\/\/noscasamoscontigo.com\/es\/wp-content\/uploads\/2025\/12\/equipo-NCC1-768x552.png 768w\" sizes=\"(max-width: 1512px) 100vw, 1512px\" \/>\t\t\t\t\t\t\t\t\t\t\t\t\t\t\t<\/div>\n\t\t\t\t\t<\/div>\n\t\t\t\t<\/div>\n\t\t\t\t\t<\/div>\n\t\t\t\t<\/div>\n\t\t\t\t<\/div>\n\t\t","protected":false},"excerpt":{"rendered":"<p>NOS CASAMOS CONTIGO Gu\u00eda para Organizar tu Boda GRACIAS POR LA CONFIANZA HEMOS ENVIADO LA GU\u00cdA A TU EMAIL. POR FAVOR, REVISA QUE LA HAS RECIBIDO CORRECTAMENTE. EN CASO DE NO HABER RECIBIDO EL EMAIL, POR FAVOR REVISA LA BANDEJA DE SPAM O CORREO NO DESEADO. MARCA NUESTRO EMAIL COMO UN CORREO DE TUS CONTACTOS, [&hellip;]<\/p>\n","protected":false},"author":1,"featured_media":0,"parent":0,"menu_order":0,"comment_status":"closed","ping_status":"closed","template":"elementor_header_footer","meta":{"footnotes":""},"class_list":["post-2520","page","type-page","status-publish","hentry"],"blocksy_meta":[],"_hostinger_reach_plugin_has_subscription_block":false,"_hostinger_reach_plugin_is_elementor":false,"jetpack_sharing_enabled":true,"_links":{"self":[{"href":"https:\/\/noscasamoscontigo.com\/es\/wp-json\/wp\/v2\/pages\/2520","targetHints":{"allow":["GET"]}}],"collection":[{"href":"https:\/\/noscasamoscontigo.com\/es\/wp-json\/wp\/v2\/pages"}],"about":[{"href":"https:\/\/noscasamoscontigo.com\/es\/wp-json\/wp\/v2\/types\/page"}],"author":[{"embeddable":true,"href":"https:\/\/noscasamoscontigo.com\/es\/wp-json\/wp\/v2\/users\/1"}],"replies":[{"embeddable":true,"href":"https:\/\/noscasamoscontigo.com\/es\/wp-json\/wp\/v2\/comments?post=2520"}],"version-history":[{"count":4,"href":"https:\/\/noscasamoscontigo.com\/es\/wp-json\/wp\/v2\/pages\/2520\/revisions"}],"predecessor-version":[{"id":2525,"href":"https:\/\/noscasamoscontigo.com\/es\/wp-json\/wp\/v2\/pages\/2520\/revisions\/2525"}],"wp:attachment":[{"href":"https:\/\/noscasamoscontigo.com\/es\/wp-json\/wp\/v2\/media?parent=2520"}],"curies":[{"name":"wp","href":"https:\/\/api.w.org\/{rel}","templated":true}]}}